{"id":3254,"date":"2023-04-22T04:52:20","date_gmt":"2023-04-22T04:52:20","guid":{"rendered":"https:\/\/tplabs.co\/disle\/?page_id=3254"},"modified":"2026-02-05T18:29:25","modified_gmt":"2026-02-05T15:29:25","slug":"%d8%aa%d9%88%d8%a7%d8%b5%d9%84","status":"publish","type":"page","link":"https:\/\/scorlojistik.com\/ar\/%d8%aa%d9%88%d8%a7%d8%b5%d9%84\/","title":{"rendered":"\u062a\u0648\u0627\u0635\u0644"},"content":{"rendered":"<div data-elementor-type=\"wp-page\" data-elementor-id=\"3254\" class=\"elementor elementor-3254\">\n\t\t\t\t\t\t<section class=\"elementor-section elementor-top-section elementor-element elementor-element-32c352c elementor-section-boxed elementor-section-height-default elementor-section-height-default\" data-id=\"32c352c\" data-element_type=\"section\">\n\t\t\t\t\t\t<div class=\"elementor-container elementor-column-gap-no\">\n\t\t\t\t\t<div class=\"elementor-column elementor-col-100 elementor-top-column elementor-element elementor-element-daf5163\" data-id=\"daf5163\" data-element_type=\"column\">\n\t\t\t<div class=\"elementor-widget-wrap elementor-element-populated\">\n\t\t\t\t\t\t<section class=\"elementor-section elementor-inner-section elementor-element elementor-element-446e654 elementor-section-boxed elementor-section-height-default elementor-section-height-default\" data-id=\"446e654\" data-element_type=\"section\">\n\t\t\t\t\t\t<div class=\"elementor-container elementor-column-gap-default\">\n\t\t\t\t\t<div class=\"elementor-column elementor-col-50 elementor-inner-column elementor-element elementor-element-2f311f6\" data-id=\"2f311f6\" data-element_type=\"column\">\n\t\t\t<div class=\"elementor-widget-wrap elementor-element-populated\">\n\t\t\t\t\t\t<div class=\"elementor-element elementor-element-0f5c630 heading-style-2 elementor-widget elementor-widget-mae-headings\" data-id=\"0f5c630\" data-element_type=\"widget\" data-widget_type=\"mae-headings.default\">\n\t\t\t\t<div class=\"elementor-widget-container\">\n\t\t\t\t\t\t\t<div class=\"master-heading sep-none\">\n\t\t\t\t\t\t\t\t\t\t<div class=\"double-line\">\n\t\t\t\t\t<span class=\"line line1\"><\/span>\n\t\t\t\t\t<span class=\"line line2\"><\/span>\n\t\t\t\t<\/div>\n\t\t\t\t        \n\t        \n\t        \t        <h2 class=\"main-heading\">\u0646\u0645\u0648\u0630\u062c \u0627\u0644\u0627\u062a\u0635\u0627\u0644<\/h2>\n\t        \n\t        \n\t        \t            <div class=\"sub-heading\">\u064a\u0631\u062c\u0649 \u0625\u062f\u062e\u0627\u0644 \u0645\u0639\u0644\u0648\u0645\u0627\u062a\u0643 \u0628\u0634\u0643\u0644 \u0643\u0627\u0645\u0644 \u0648\u062f\u0642\u064a\u0642 \u0639\u0646\u062f \u0645\u0644\u0621 \u0646\u0645\u0648\u0630\u062c \u0627\u0644\u0627\u062a\u0635\u0627\u0644\u060c \u062d\u062a\u0649 \u0646\u062a\u0645\u0643\u0646 \u0645\u0646 \u0627\u0644\u0631\u062f \u0639\u0644\u064a\u0643 \u0628\u0623\u0633\u0631\u0639 \u0645\u0627 \u064a\u0645\u0643\u0646 \u0648\u0628\u062f\u0642\u0629. \u0643\u0644 \u0631\u0633\u0627\u0644\u0629 \u062a\u0631\u0633\u0644\u0647\u0627 \u0644\u0647\u0627 \u0642\u064a\u0645\u0629 \u0628\u0627\u0644\u0646\u0633\u0628\u0629 \u0644\u0646\u0627 \u0648\u0633\u0646\u0642\u0648\u0645 \u0628\u0627\u0644\u0631\u062f \u0639\u0644\u064a\u0643 \u0641\u064a \u0623\u0642\u0631\u0628 \u0648\u0642\u062a \u0645\u0645\u0643\u0646.<\/div>\n\t        \t    <\/div>\n\t    \t\t\t\t<\/div>\n\t\t\t\t<\/div>\n\t\t\t\t<div class=\"elementor-element elementor-element-c200d1e icon-default elementor-widget elementor-widget-mae-list\" data-id=\"c200d1e\" data-element_type=\"widget\" data-widget_type=\"mae-list.default\">\n\t\t\t\t<div class=\"elementor-widget-container\">\n\t\t\t\t\t\n\t\t<div class=\"master-list\">\n\t\t\t\t\t\t\t<div class=\"master-icon-text list-item\">\n\t\t\t\t        \t\t\t        <div class=\"icon-wrap\">\n    \t\t\t\t        <svg aria-hidden=\"true\" class=\"e-font-icon-svg e-fas-arrow-circle-right\" viewbox=\"0 0 512 512\" xmlns=\"http:\/\/www.w3.org\/2000\/svg\"><path d=\"M256 8c137 0 248 111 248 248S393 504 256 504 8 393 8 256 119 8 256 8zm-28.9 143.6l75.5 72.4H120c-13.3 0-24 10.7-24 24v16c0 13.3 10.7 24 24 24h182.6l-75.5 72.4c-9.7 9.3-9.9 24.8-.4 34.3l11 10.9c9.4 9.4 24.6 9.4 33.9 0L404.3 273c9.4-9.4 9.4-24.6 0-33.9L271.6 106.3c-9.4-9.4-24.6-9.4-33.9 0l-11 10.9c-9.5 9.6-9.3 25.1.4 34.4z\"><\/path><\/svg>    \t\t\t        <\/div> \n    \t\t\t    \n\t\t\t        <div class=\"content-wrap\">\n\t\t\t            \u0627\u0644\u0627\u062a\u0635\u0627\u0644 \u0628\u0627\u0644\u062f\u0639\u0645 \u0627\u0644\u0641\u0646\u064a \u0639\u0644\u0649 \u0645\u062f\u0627\u0631 24 \u0633\u0627\u0639\u0629 \u0637\u0648\u0627\u0644 \u0623\u064a\u0627\u0645 \u0627\u0644\u0623\u0633\u0628\u0648\u0639\t\t\t        <\/div>\n\t\t\t        \n\t\t\t        \t\t\t    <\/div>\n\t\t    \t\t\t\t<div class=\"master-icon-text list-item\">\n\t\t\t\t        \t\t\t        <div class=\"icon-wrap\">\n    \t\t\t\t        <svg aria-hidden=\"true\" class=\"e-font-icon-svg e-fas-arrow-circle-right\" viewbox=\"0 0 512 512\" xmlns=\"http:\/\/www.w3.org\/2000\/svg\"><path d=\"M256 8c137 0 248 111 248 248S393 504 256 504 8 393 8 256 119 8 256 8zm-28.9 143.6l75.5 72.4H120c-13.3 0-24 10.7-24 24v16c0 13.3 10.7 24 24 24h182.6l-75.5 72.4c-9.7 9.3-9.9 24.8-.4 34.3l11 10.9c9.4 9.4 24.6 9.4 33.9 0L404.3 273c9.4-9.4 9.4-24.6 0-33.9L271.6 106.3c-9.4-9.4-24.6-9.4-33.9 0l-11 10.9c-9.5 9.6-9.3 25.1.4 34.4z\"><\/path><\/svg>    \t\t\t        <\/div> \n    \t\t\t    \n\t\t\t        <div class=\"content-wrap\">\n\t\t\t            \u0627\u0644\u062d\u0644\u0648\u0644 \u0627\u0644\u0645\u0647\u0646\u064a\u0629\t\t\t        <\/div>\n\t\t\t        \n\t\t\t        \t\t\t    <\/div>\n\t\t    \t\t<\/div>\n\t\t\t\t\t<\/div>\n\t\t\t\t<\/div>\n\t\t\t\t\t<\/div>\n\t\t<\/div>\n\t\t\t\t<div class=\"elementor-column elementor-col-50 elementor-inner-column elementor-element elementor-element-8266c10\" data-id=\"8266c10\" data-element_type=\"column\">\n\t\t\t<div class=\"elementor-widget-wrap elementor-element-populated\">\n\t\t\t\t\t\t<div class=\"elementor-element elementor-element-93f4b6b elementor-widget elementor-widget-shortcode\" data-id=\"93f4b6b\" data-element_type=\"widget\" data-widget_type=\"shortcode.default\">\n\t\t\t\t<div class=\"elementor-widget-container\">\n\t\t\t\t\t\t\t<div class=\"elementor-shortcode\">\n<div class=\"wpcf7 no-js\" id=\"wpcf7-f4891-o1\" lang=\"tr-TR\" dir=\"ltr\" data-wpcf7-id=\"4891\">\n<div class=\"screen-reader-response\"><p role=\"status\" aria-live=\"polite\" aria-atomic=\"true\"><\/p> <ul><\/ul><\/div>\n<form action=\"\/ar\/wp-json\/wp\/v2\/pages\/3254#wpcf7-f4891-o1\" method=\"post\" class=\"wpcf7-form init\" aria-label=\"\u0646\u0645\u0648\u0630\u062c \u0627\u0644\u0627\u062a\u0635\u0627\u0644\" novalidate=\"novalidate\" data-status=\"init\" data-trp-original-action=\"\/ar\/wp-json\/wp\/v2\/pages\/3254#wpcf7-f4891-o1\">\n<fieldset class=\"hidden-fields-container\"><input type=\"hidden\" name=\"_wpcf7\" value=\"4891\" \/><input type=\"hidden\" name=\"_wpcf7_version\" value=\"6.1.5\" \/><input type=\"hidden\" name=\"_wpcf7_locale\" value=\"tr_TR\" \/><input type=\"hidden\" name=\"_wpcf7_unit_tag\" value=\"wpcf7-f4891-o1\" \/><input type=\"hidden\" name=\"_wpcf7_container_post\" value=\"0\" \/><input type=\"hidden\" name=\"_wpcf7_posted_data_hash\" value=\"\" \/>\n<\/fieldset>\n<div class=\"wcu-form\">\n    <div class=\"form-group formdiv-6\">\n        <span class=\"wpcf7-form-control-wrap\" data-name=\"isim\"><input size=\"40\" maxlength=\"400\" class=\"wpcf7-form-control wpcf7-text wpcf7-validates-as-required form-control\" id=\"text-377\" aria-required=\"true\" aria-invalid=\"false\" placeholder=\"\u0627\u0644\u0627\u0633\u0645 \u0648\u0627\u0644\u0644\u0642\u0628\" value=\"\" type=\"text\" name=\"isim\" \/><\/span>\n    <\/div>\n    <div class=\"form-group formdiv-6\">\n        <span class=\"wpcf7-form-control-wrap\" data-name=\"eposta\"><input size=\"40\" maxlength=\"400\" class=\"wpcf7-form-control wpcf7-email wpcf7-validates-as-required wpcf7-text wpcf7-validates-as-email form-control\" id=\"email-443\" aria-required=\"true\" aria-invalid=\"false\" placeholder=\"\u0628\u0631\u064a\u062f \u0625\u0644\u0643\u062a\u0631\u0648\u0646\u064a\" value=\"\" type=\"email\" name=\"eposta\" \/><\/span>\n    <\/div>\n    <div class=\"form-group\">\n        <span class=\"wpcf7-form-control-wrap\" data-name=\"telefon\"><input size=\"40\" maxlength=\"400\" class=\"wpcf7-form-control wpcf7-text wpcf7-validates-as-required form-control\" id=\"text-886\" aria-required=\"true\" aria-invalid=\"false\" placeholder=\"\u0647\u0627\u062a\u0641\" value=\"\" type=\"text\" name=\"telefon\" \/><\/span>\n    <\/div>\n    <div class=\"form-group\">\n         <span class=\"wpcf7-form-control-wrap\" data-name=\"mesaj\"><textarea cols=\"40\" rows=\"10\" maxlength=\"2000\" class=\"wpcf7-form-control wpcf7-textarea wpcf7-validates-as-required form-control\" id=\"text-524\" aria-required=\"true\" aria-invalid=\"false\" placeholder=\"\u0631\u0633\u0627\u0644\u0629\" name=\"mesaj\"><\/textarea><\/span><br\/>\n    <\/div>\n    <div class=\"form-btn col-12\">\n        \t\t<input\n\t\t\t\ttype=\"hidden\"\n\t\t\t\tclass=\"hcaptcha-widget-id\"\n\t\t\t\tname=\"hcaptcha-widget-id\"\n\t\t\t\tvalue=\"eyJzb3VyY2UiOltdLCJmb3JtX2lkIjowfQ==-c330a5703ec8dadcf95503ded1910682\">\n\t\t\t\t<h-captcha\n\t\t\tclass=\"h-captcha\"\n\t\t\tdata-sitekey=\"afdeb0d4-795e-45c8-a816-f628c2a2e0ee\"\n\t\t\tdata-theme=\"light\"\n\t\t\tdata-size=\"normal\"\n\t\t\tdata-auto=\"false\"\n\t\t\tdata-ajax=\"false\"\n\t\t\tdata-force=\"false\">\n\t\t<\/h-captcha>\n\t\t<input type=\"hidden\" id=\"hcaptcha_nonce\" name=\"hcaptcha_nonce\" value=\"9cd6d77e03\" \/><input type=\"hidden\" name=\"_wp_http_referer\" value=\"\/ar\/wp-json\/wp\/v2\/pages\/3254\" \/>\n        <button class=\"th-btn style4 w-100 wpcf7\">\u064a\u0631\u0633\u0644<\/button>\n    <\/div>\n<\/div><div class=\"wpcf7-response-output\" aria-hidden=\"true\"><\/div>\n<input type=\"hidden\" name=\"trp-form-language\" value=\"ar\"\/><\/form>\n<\/div>\n<\/div>\n\t\t\t\t\t\t<\/div>\n\t\t\t\t<\/div>\n\t\t\t\t\t<\/div>\n\t\t<\/div>\n\t\t\t\t\t<\/div>\n\t\t<\/section>\n\t\t\t\t\t<\/div>\n\t\t<\/div>\n\t\t\t\t\t<\/div>\n\t\t<\/section>\n\t\t\t\t<section class=\"elementor-section elementor-top-section elementor-element elementor-element-e6f18a0 elementor-section-boxed elementor-section-height-default elementor-section-height-default\" data-id=\"e6f18a0\" data-element_type=\"section\">\n\t\t\t\t\t\t<div class=\"elementor-container elementor-column-gap-default\">\n\t\t\t\t\t<div class=\"elementor-column elementor-col-100 elementor-top-column elementor-element elementor-element-b62afe7\" data-id=\"b62afe7\" data-element_type=\"column\">\n\t\t\t<div class=\"elementor-widget-wrap elementor-element-populated\">\n\t\t\t\t\t\t<section class=\"elementor-section elementor-inner-section elementor-element elementor-element-a493861 elementor-section-boxed elementor-section-height-default elementor-section-height-default\" data-id=\"a493861\" data-element_type=\"section\" data-settings=\"{&quot;background_background&quot;:&quot;classic&quot;}\">\n\t\t\t\t\t\t<div class=\"elementor-container elementor-column-gap-default\">\n\t\t\t\t\t<div class=\"elementor-column elementor-col-50 elementor-inner-column elementor-element elementor-element-2220826\" data-id=\"2220826\" data-element_type=\"column\">\n\t\t\t<div class=\"elementor-widget-wrap elementor-element-populated\">\n\t\t\t\t\t\t<div class=\"elementor-element elementor-element-4da215c icon-position-left icon-box-default elementor-widget elementor-widget-mae-icon-box\" data-id=\"4da215c\" data-element_type=\"widget\" data-widget_type=\"mae-icon-box.default\">\n\t\t\t\t<div class=\"elementor-widget-container\">\n\t\t\t\t\t                <div class=\"master-wrap\">\n                                <div class=\"master-decor html elementor-repeater-item-099e873 hex1\">\n                        <svg \n xmlns=\"http:\/\/www.w3.org\/2000\/svg\"\n xmlns:xlink=\"http:\/\/www.w3.org\/1999\/xlink\"\n width=\"100px\" height=\"111px\">\n<path fill-rule=\"evenodd\"  fill=\"rgb(23, 23, 23)\"\n d=\"M7.508,87.688 L42.158,107.972 C46.778,110.677 52.494,110.719 57.151,108.82 L92.80,88.305 C96.738,85.667 99.841,81.222 99.879,75.880 L99.947,35.349 C99.984,30.7 97.160,25.49 92.540,22.345 L57.891,2.60 C53.270,0.643 47.555,0.685 42.897,1.951 L7.968,21.728 C3.311,24.365 0.37,30.191 0.0,35.533 L0.0,75.57 C0.37,80.399 2.888,84.983 7.508,87.688 Z\"\/>\n<\/svg>                    <\/div>\n                                    <div class=\"master-decor html elementor-repeater-item-e29ff34 hex2\">\n                        <svg \n xmlns=\"http:\/\/www.w3.org\/2000\/svg\"\n xmlns:xlink=\"http:\/\/www.w3.org\/1999\/xlink\"\n width=\"100px\" height=\"111px\">\n<path fill-rule=\"evenodd\"  fill=\"#ee763c\"\n d=\"M7.508,87.688 L42.158,107.972 C46.778,110.677 52.494,110.719 57.151,108.82 L92.80,88.305 C96.738,85.667 99.841,81.222 99.879,75.880 L99.947,35.349 C99.984,30.7 97.160,25.49 92.540,22.345 L57.891,2.60 C53.270,0.643 47.555,0.685 42.897,1.951 L7.968,21.728 C3.311,24.365 0.37,30.191 0.0,35.533 L0.0,75.57 C0.37,80.399 2.888,84.983 7.508,87.688 Z\"\/>\n<\/svg>                    <\/div>\n                        <div class=\"master-icon-box\" >\n                        \n            <div class=\"inner\">\n                <div class=\"icon-wrap\"><div class=\"master-icon\"><i aria-hidden=\"true\" class=\"dis dis-place\"><\/i><\/div><\/div>\n                <div class=\"text-wrap\">\n                    <h2 class=\"headline-2\">\u0639\u0646\u0648\u0627\u0646<\/h2><div class=\"desc\">Adnan Kahveci, Harbiye Cd. 19C, 34528 Beylikd\u00fcz\u00fc\/\u0130stanbul<\/div>                <\/div>\n            <\/div>\n\n            <div class=\"bg-static\"><\/div>        <\/div>\n        <\/div>\t\t\t\t<\/div>\n\t\t\t\t<\/div>\n\t\t\t\t\t<\/div>\n\t\t<\/div>\n\t\t\t\t<div class=\"elementor-column elementor-col-50 elementor-inner-column elementor-element elementor-element-cf3810a\" data-id=\"cf3810a\" data-element_type=\"column\">\n\t\t\t<div class=\"elementor-widget-wrap elementor-element-populated\">\n\t\t\t\t\t\t<div class=\"elementor-element elementor-element-b0fcde8 icon-position-left icon-box-default elementor-widget elementor-widget-mae-icon-box\" data-id=\"b0fcde8\" data-element_type=\"widget\" data-widget_type=\"mae-icon-box.default\">\n\t\t\t\t<div class=\"elementor-widget-container\">\n\t\t\t\t\t                <div class=\"master-wrap\">\n                                <div class=\"master-decor html elementor-repeater-item-099e873 hex1\">\n                        <svg \n xmlns=\"http:\/\/www.w3.org\/2000\/svg\"\n xmlns:xlink=\"http:\/\/www.w3.org\/1999\/xlink\"\n width=\"100px\" height=\"111px\">\n<path fill-rule=\"evenodd\"  fill=\"rgb(23, 23, 23)\"\n d=\"M7.508,87.688 L42.158,107.972 C46.778,110.677 52.494,110.719 57.151,108.82 L92.80,88.305 C96.738,85.667 99.841,81.222 99.879,75.880 L99.947,35.349 C99.984,30.7 97.160,25.49 92.540,22.345 L57.891,2.60 C53.270,0.643 47.555,0.685 42.897,1.951 L7.968,21.728 C3.311,24.365 0.37,30.191 0.0,35.533 L0.0,75.57 C0.37,80.399 2.888,84.983 7.508,87.688 Z\"\/>\n<\/svg>                    <\/div>\n                                    <div class=\"master-decor html elementor-repeater-item-e29ff34 hex2\">\n                        <svg \n xmlns=\"http:\/\/www.w3.org\/2000\/svg\"\n xmlns:xlink=\"http:\/\/www.w3.org\/1999\/xlink\"\n width=\"100px\" height=\"111px\">\n<path fill-rule=\"evenodd\"  fill=\"#ee763c\"\n d=\"M7.508,87.688 L42.158,107.972 C46.778,110.677 52.494,110.719 57.151,108.82 L92.80,88.305 C96.738,85.667 99.841,81.222 99.879,75.880 L99.947,35.349 C99.984,30.7 97.160,25.49 92.540,22.345 L57.891,2.60 C53.270,0.643 47.555,0.685 42.897,1.951 L7.968,21.728 C3.311,24.365 0.37,30.191 0.0,35.533 L0.0,75.57 C0.37,80.399 2.888,84.983 7.508,87.688 Z\"\/>\n<\/svg>                    <\/div>\n                        <div class=\"master-icon-box\" >\n                        \n            <div class=\"inner\">\n                <div class=\"icon-wrap\"><div class=\"master-icon\"><i aria-hidden=\"true\" class=\"dis dis-phone-1\"><\/i><\/div><\/div>\n                <div class=\"text-wrap\">\n                    <h2 class=\"headline-2\">\u062a\u0648\u0627\u0635\u0644<\/h2><div class=\"desc\">info@scorlojistik.com<br>\n0(212) 273 30 20<\/div>                <\/div>\n            <\/div>\n\n            <div class=\"bg-static\"><\/div>        <\/div>\n        <\/div>\t\t\t\t<\/div>\n\t\t\t\t<\/div>\n\t\t\t\t\t<\/div>\n\t\t<\/div>\n\t\t\t\t\t<\/div>\n\t\t<\/section>\n\t\t\t\t<div class=\"elementor-element elementor-element-7dff9d8 elementor-widget-divider--view-line elementor-widget elementor-widget-divider\" data-id=\"7dff9d8\" data-element_type=\"widget\" data-widget_type=\"divider.default\">\n\t\t\t\t<div class=\"elementor-widget-container\">\n\t\t\t\t\t\t\t<div class=\"elementor-divider\">\n\t\t\t<span class=\"elementor-divider-separator\">\n\t\t\t\t\t\t<\/span>\n\t\t<\/div>\n\t\t\t\t\t\t<\/div>\n\t\t\t\t<\/div>\n\t\t\t\t\t<\/div>\n\t\t<\/div>\n\t\t\t\t\t<\/div>\n\t\t<\/section>\n\t\t\t\t<section class=\"elementor-section elementor-top-section elementor-element elementor-element-e36ad75 elementor-section-full_width elementor-section-stretched elementor-section-height-default elementor-section-height-default\" data-id=\"e36ad75\" data-element_type=\"section\" data-settings=\"{&quot;stretch_section&quot;:&quot;section-stretched&quot;}\">\n\t\t\t\t\t\t<div class=\"elementor-container elementor-column-gap-no\">\n\t\t\t\t\t<div class=\"elementor-column elementor-col-100 elementor-top-column elementor-element elementor-element-ba8d784\" data-id=\"ba8d784\" data-element_type=\"column\">\n\t\t\t<div class=\"elementor-widget-wrap elementor-element-populated\">\n\t\t\t\t\t\t<div class=\"elementor-element elementor-element-c0f2b4d elementor-widget elementor-widget-google_maps\" data-id=\"c0f2b4d\" data-element_type=\"widget\" data-widget_type=\"google_maps.default\">\n\t\t\t\t<div class=\"elementor-widget-container\">\n\t\t\t\t\t\t\t<div class=\"elementor-custom-embed\">\n\t\t\t<iframe loading=\"lazy\"\n\t\t\t\t\tsrc=\"https:\/\/maps.google.com\/maps?q=Scor%20Lojistik%2C%20Adnan%20Kahveci%2C%20Harbiye%20Cd.%2019C%2C%2034528%20Beylikd%C3%BCz%C3%BC%2F%C4%B0stanbul%2C%20T%C3%BCrkiye&#038;t=m&#038;z=16&#038;output=embed&#038;iwloc=near\"\n\t\t\t\t\ttitle=\"Scor Lojistik, Adnan Kahveci, Harbiye Cd. 19C, 34528 Beylikd\u00fcz\u00fc\/\u0130stanbul, T\u00fcrkiye\"\n\t\t\t\t\taria-label=\"Scor Lojistik, Adnan Kahveci, Harbiye Cd. 19C, 34528 Beylikd\u00fcz\u00fc\/\u0130stanbul, T\u00fcrkiye\"\n\t\t\t><\/iframe>\n\t\t<\/div>\n\t\t\t\t\t\t<\/div>\n\t\t\t\t<\/div>\n\t\t\t\t\t<\/div>\n\t\t<\/div>\n\t\t\t\t\t<\/div>\n\t\t<\/section>\n\t\t\t\t<\/div>","protected":false},"excerpt":{"rendered":"<p>\u0130leti\u015fim Formu L\u00fctfen ileti\u015fim formunu doldururken bilgilerinizi eksiksiz ve do\u011fru bir \u015fekilde giriniz, b\u00f6ylece size en h\u0131zl\u0131 ve do\u011fru \u015fekilde yan\u0131t verebiliriz. G\u00f6nderdi\u011finiz her mesaj, bizim i\u00e7in de\u011ferlidir ve en k\u0131sa s\u00fcrede size geri d\u00f6n\u00fc\u015f yap\u0131lacakt\u0131r. 7\/24 Teknik Destek \u0130leti\u015fim Profesyonel \u00c7\u00f6z\u00fcmler Adres Adnan Kahveci, Harbiye Cd. 19C, 34528 Beylikd\u00fcz\u00fc\/\u0130stanbul<\/p>","protected":false},"author":1,"featured_media":0,"parent":0,"menu_order":0,"comment_status":"closed","ping_status":"closed","template":"","meta":{"inline_featured_image":false,"footnotes":""},"class_list":["post-3254","page","type-page","status-publish","hentry"],"_links":{"self":[{"href":"https:\/\/scorlojistik.com\/ar\/wp-json\/wp\/v2\/pages\/3254","targetHints":{"allow":["GET"]}}],"collection":[{"href":"https:\/\/scorlojistik.com\/ar\/wp-json\/wp\/v2\/pages"}],"about":[{"href":"https:\/\/scorlojistik.com\/ar\/wp-json\/wp\/v2\/types\/page"}],"author":[{"embeddable":true,"href":"https:\/\/scorlojistik.com\/ar\/wp-json\/wp\/v2\/users\/1"}],"replies":[{"embeddable":true,"href":"https:\/\/scorlojistik.com\/ar\/wp-json\/wp\/v2\/comments?post=3254"}],"version-history":[{"count":9,"href":"https:\/\/scorlojistik.com\/ar\/wp-json\/wp\/v2\/pages\/3254\/revisions"}],"predecessor-version":[{"id":5353,"href":"https:\/\/scorlojistik.com\/ar\/wp-json\/wp\/v2\/pages\/3254\/revisions\/5353"}],"wp:attachment":[{"href":"https:\/\/scorlojistik.com\/ar\/wp-json\/wp\/v2\/media?parent=3254"}],"curies":[{"name":"wp","href":"https:\/\/api.w.org\/{rel}","templated":true}]}}